{"id":1681,"date":"2019-07-30T09:26:45","date_gmt":"2019-07-30T07:26:45","guid":{"rendered":"https:\/\/smb.hs-demo.de\/products\/strapping-band\/"},"modified":"2020-10-14T15:33:46","modified_gmt":"2020-10-14T13:33:46","slug":"strapping-band","status":"publish","type":"page","link":"https:\/\/www.smb.biz\/en\/products\/strapping-band\/","title":{"rendered":"Strapping band"},"content":{"rendered":"<div class=\"wpb-content-wrapper\"><p>[vc_row css_animation=&#8221;&#8221; row_type=&#8221;row&#8221; use_row_as_full_screen_section=&#8221;no&#8221; type=&#8221;grid&#8221; angled_section=&#8221;no&#8221; text_align=&#8221;left&#8221; background_image_as_pattern=&#8221;without_pattern&#8221; z_index=&#8221;&#8221;][vc_column][vc_empty_space][vc_column_text]<\/p>\n<h2 class=\"textueberschriften\">SMB strapping directly from our house!<\/h2>\n<p><strong>Longevity<\/strong> and high <strong>availability<\/strong> are a particular feature of SMB strapping machines, obtained by using the appropriate strap.<\/p>\n<p>Quality fluctuations in the strap are the most frequent impairment of the <strong>availability<\/strong> of strapping machines!<\/p>\n<p>SMB Schwede Maschinenbau GmbH now offers its own <b>SMB strapping band<\/b> for SMB strapping machines. A quality that is unparalleled.<\/p>\n<p>Every single production batch is tested and approved in-house on brand new SMB machines. Thus, we ensure a band quality for you, like no other provider.<\/p>\n<p>Due to our high <b>readiness to deliver<\/b>, the orders received in the morning will be shipped the same afternoon.<\/p>\n<p>Each machine is tested and approved in a circuit with one of our <b>standard 5040, 5047, 9055 or 12055 strapping bands<\/b> before delivery.<\/p>\n<p>&nbsp;<\/p>\n<p><img fetchpriority=\"high\" decoding=\"async\" class=\"alignnone wp-image-2272 size-large\" src=\"https:\/\/www.smb.biz\/wp-content\/uploads\/2020\/10\/\u00dcbersicht-B\u00e4nder-ENG_Zeichenfl\u00e4che-1-1024x398.png\" alt=\"\" width=\"1024\" height=\"398\" srcset=\"https:\/\/www.smb.biz\/wp-content\/uploads\/2020\/10\/\u00dcbersicht-B\u00e4nder-ENG_Zeichenfl\u00e4che-1-1024x398.png 1024w, https:\/\/www.smb.biz\/wp-content\/uploads\/2020\/10\/\u00dcbersicht-B\u00e4nder-ENG_Zeichenfl\u00e4che-1-300x116.png 300w, https:\/\/www.smb.biz\/wp-content\/uploads\/2020\/10\/\u00dcbersicht-B\u00e4nder-ENG_Zeichenfl\u00e4che-1-768x298.png 768w, https:\/\/www.smb.biz\/wp-content\/uploads\/2020\/10\/\u00dcbersicht-B\u00e4nder-ENG_Zeichenfl\u00e4che-1-700x272.png 700w, https:\/\/www.smb.biz\/wp-content\/uploads\/2020\/10\/\u00dcbersicht-B\u00e4nder-ENG_Zeichenfl\u00e4che-1.png 1056w\" sizes=\"(max-width: 1024px) 100vw, 1024px\" \/><\/p>\n<p>This allows us to assume optimum running characteristics for our strapping technology.<\/p>\n<p>In addition to our standard PP strapping, we also offer a wide variety of PP and PET strapping types.<\/p>\n<p>Further information and prices are available on request.[\/vc_column_text][vc_empty_space][vc_single_image image=&#8221;705&#8243; img_size=&#8221;large&#8221; alignment=&#8221;center&#8221; qode_css_animation=&#8221;&#8221;][\/vc_column][\/vc_row][vc_row css_animation=&#8221;&#8221; row_type=&#8221;row&#8221; use_row_as_full_screen_section=&#8221;no&#8221; type=&#8221;full_width&#8221; angled_section=&#8221;no&#8221; text_align=&#8221;left&#8221; background_image_as_pattern=&#8221;without_pattern&#8221;][vc_column][vc_empty_space][\/vc_column][\/vc_row][vc_row css_animation=&#8221;&#8221; row_type=&#8221;row&#8221; use_row_as_full_screen_section=&#8221;no&#8221; type=&#8221;grid&#8221; angled_section=&#8221;no&#8221; text_align=&#8221;left&#8221; background_image_as_pattern=&#8221;without_pattern&#8221; background_color=&#8221;#a2c73b&#8221; z_index=&#8221;&#8221; el_class=&#8221;link-white&#8221;][vc_column][vc_column_text]<\/p>\n<h2>Request strapping band<\/h2>\n<h2><span style=\"color: #ffffff;\">Please send us an e-mail: <a href=\"mailto:sales@smb.biz\">sales@smb.biz<\/a><\/span><\/h2>\n<h2><span style=\"color: #ffffff;\">We&#8217;ll get back to you. <\/span><span style=\"color: #ffffff;\">Your SMB team<\/span><\/h2>\n<p>[\/vc_column_text][\/vc_column][\/vc_row][vc_row css_animation=&#8221;&#8221; row_type=&#8221;row&#8221; use_row_as_full_screen_section=&#8221;no&#8221; type=&#8221;full_width&#8221; angled_section=&#8221;no&#8221; text_align=&#8221;left&#8221; background_image_as_pattern=&#8221;without_pattern&#8221;][vc_column][vc_empty_space css=&#8221;.vc_custom_1555013615795{background-color: #a2c73b !important;}&#8221;][\/vc_column][\/vc_row]<\/p>\n<\/div>","protected":false},"excerpt":{"rendered":"<p>[vc_row css_animation=&#8221;&#8221; row_type=&#8221;row&#8221; use_row_as_full_screen_section=&#8221;no&#8221; type=&#8221;grid&#8221; angled_section=&#8221;no&#8221; text_align=&#8221;left&#8221; background_image_as_pattern=&#8221;without_pattern&#8221; z_index=&#8221;&#8221;][vc_column][vc_empty_space][vc_column_text] SMB strapping directly from our house! Longevity and high availability are a particular feature of SMB strapping machines, obtained by using the appropriate strap. Quality fluctuations in the strap are the most frequent impairment of the&#8230;<\/p>\n","protected":false},"author":4,"featured_media":0,"parent":1287,"menu_order":0,"comment_status":"closed","ping_status":"closed","template":"full_width.php","meta":{"inline_featured_image":false,"footnotes":""},"class_list":["post-1681","page","type-page","status-publish","hentry"],"_links":{"self":[{"href":"https:\/\/www.smb.biz\/en\/wp-json\/wp\/v2\/pages\/1681","targetHints":{"allow":["GET"]}}],"collection":[{"href":"https:\/\/www.smb.biz\/en\/wp-json\/wp\/v2\/pages"}],"about":[{"href":"https:\/\/www.smb.biz\/en\/wp-json\/wp\/v2\/types\/page"}],"author":[{"embeddable":true,"href":"https:\/\/www.smb.biz\/en\/wp-json\/wp\/v2\/users\/4"}],"replies":[{"embeddable":true,"href":"https:\/\/www.smb.biz\/en\/wp-json\/wp\/v2\/comments?post=1681"}],"version-history":[{"count":5,"href":"https:\/\/www.smb.biz\/en\/wp-json\/wp\/v2\/pages\/1681\/revisions"}],"predecessor-version":[{"id":2277,"href":"https:\/\/www.smb.biz\/en\/wp-json\/wp\/v2\/pages\/1681\/revisions\/2277"}],"up":[{"embeddable":true,"href":"https:\/\/www.smb.biz\/en\/wp-json\/wp\/v2\/pages\/1287"}],"wp:attachment":[{"href":"https:\/\/www.smb.biz\/en\/wp-json\/wp\/v2\/media?parent=1681"}],"curies":[{"name":"wp","href":"https:\/\/api.w.org\/{rel}","templated":true}]}}