{"id":1588,"date":"2019-07-12T09:58:49","date_gmt":"2019-07-12T07:58:49","guid":{"rendered":"https:\/\/smb.hs-demo.de\/company\/imprint\/"},"modified":"2024-02-07T09:42:34","modified_gmt":"2024-02-07T08:42:34","slug":"imprint","status":"publish","type":"page","link":"https:\/\/www.smb.biz\/en\/company\/imprint\/","title":{"rendered":"Imprint"},"content":{"rendered":"<div class=\"wpb-content-wrapper\"><p>[vc_row css_animation=&#8221;&#8221; row_type=&#8221;Zeile&#8221; use_row_as_full_screen_section=&#8221;no&#8221; type=&#8221;full_width&#8221; angled_section=&#8221;no&#8221; text_align=&#8221;left&#8221; background_image_as_pattern=&#8221;without_pattern&#8221;] [vc_column] [vc_column_text]<br \/>\n<strong>Signode Packaging Systems GmbH<br \/>\nGesch\u00e4ftsbereich<br \/>\nSMB Schwede Maschinenbau<\/strong><br \/>\n[\/vc_column_text][\/vc_column][\/vc_row][vc_row css_animation=&#8221;&#8221; row_type=&#8221;row&#8221; use_row_as_full_screen_section=&#8221;no&#8221; type=&#8221;full_width&#8221; angled_section=&#8221;no&#8221; text_align=&#8221;left&#8221; background_image_as_pattern=&#8221;without_pattern&#8221;][vc_column width=&#8221;1\/2&#8243;][vc_column_text]Markgrafenstra\u00dfe 2<br \/>\n95497 Goldkronach<br \/>\nDeutschland<\/p>\n<p>Telefon +49 9273 982-0<br \/>\nTelefax +49 9273 982-100<br \/>\nE-Mail info@smb.biz<\/p>\n<p><strong>www.smb.biz<\/strong>[\/vc_column_text][\/vc_column][vc_column width=&#8221;1\/2&#8243;][vc_column_text]<strong>Gesch\u00e4ftsf\u00fchrer:<br \/>\n<\/strong>Ellen Fleischmann,<br \/>\nLars Krachten,<br \/>\nDietmar\u00a0<span style=\"\">Holzmann<\/span><\/p>\n<p><strong>USt-IdNr.:<\/strong><br \/>\nDE811247067<\/p>\n<p><strong>Registergericht:<\/strong><br \/>\nAmtsgericht Duisburg HRB 9752[\/vc_column_text][\/vc_column][\/vc_row][vc_row css_animation=&#8221;&#8221; row_type=&#8221;row&#8221; use_row_as_full_screen_section=&#8221;no&#8221; type=&#8221;full_width&#8221; angled_section=&#8221;no&#8221; text_align=&#8221;left&#8221; background_image_as_pattern=&#8221;without_pattern&#8221;][vc_column][vc_column_text]<\/p>\n<h2>Verzichtserkl\u00e4rung<\/h2>\n<p><strong>1. Inhalt <\/strong><br \/>\nDie SMB Schwede Maschinenbau GmbH \u00fcbernimmt keinerlei Gew\u00e4hr f\u00fcr die Aktualit\u00e4t, Korrektheit, Vollst\u00e4ndigkeit oder Qualit\u00e4t der bereitgestellten Informationen. Haftungsanspr\u00fcche, welche sich auf Sch\u00e4den materieller oder ideeller Art beziehen, die durch die Nutzung oder Nichtnutzung der dargebotenen Informationen bzw. durch die Nutzung fehlerhafter und unvollst\u00e4ndiger Informationen verursacht wurden, sind grunds\u00e4tzlich ausgeschlossen.<br \/>\nAlle Angebote sind freibleibend und unverbindlich. Die SMB Schwede Maschinenbau GmbH beh\u00e4lt es sich ausdr\u00fccklich vor, Teile der Seiten oder das gesamte Angebot ohne gesonderte Ank\u00fcndigung zu ver\u00e4ndern, zu l\u00f6schen oder die Ver\u00f6ffentlichung zeitweise oder endg\u00fcltig einzustellen.<\/p>\n<p><strong>2. Verweise und Links <\/strong><br \/>\nDie SMB Schwede Maschinenbau GmbH ist f\u00fcr die Inhalte, auf die von ihren Seiten aus verwiesen wird, nicht verantwortlich &#8211; es sei denn, sie hat von den Inhalten Kenntnis und es w\u00e4re ihr zumutbar, die Nutzung im Falle rechtswidriger Inhalte zu verhindern. F\u00fcr Sch\u00e4den, die aus der Nutzung solcherart dargebotener Informationen entstehen, haftet allein der Anbieter der jeweiligen Seite, nicht derjenige, der \u00fcber Links auf die jeweilige Ver\u00f6ffentlichung lediglich verweist. Des Weiteren haftet die SMB Schwede Maschinenbau GmbH nicht f\u00fcr Beitr\u00e4ge oder Nachrichten, die von Nutzern von Diskussionsforen, G\u00e4steb\u00fcchern oder Mailinglisten auf ihrer Seite ver\u00f6ffentlicht werden.<\/p>\n<p><strong>3<\/strong>. Urheberrecht Die SMB Schwede Maschinenbau GmbH ist bestrebt, f\u00fcr die Ver\u00f6ffentlichung kein urheberrechtlich gesch\u00fctztes Material zu verwenden oder, falls dies nicht m\u00f6glich ist, auf das Urheberrecht<br \/>\ndes jeweiligen Objekts hinzuweisen.<br \/>\nDas Copyright f\u00fcr ver\u00f6ffentlichte, von der SMB Schwede Maschinenbau GmbH selbst erstellte Objekte bleibt allein bei der SMB Schwede Maschinenbau GmbH. Eine Vervielf\u00e4ltigung oder Verwendung solcher Grafiken, Sounds oder Texte in anderen elektronischen oder gedruckten Publikationen ist ohne ausdr\u00fcckliche Zustimmung der SMB Schwede Maschinenbau GmbH nicht gestattet.<\/p>\n<p><strong>4.<\/strong> Datenschutzerkl\u00e4rung Details entnehmen Sie bitte unserer <a href=\"https:\/\/www.smb.biz\/en\/company\/data-protection\/\" target=\"_blank\" rel=\"noopener noreferrer\">Datenschutzerkl\u00e4rung<\/a><\/p>\n<p><strong>5. Rechtswirksamkeit dieses Haftungsausschlusses Dieser Haftungsausschluss<\/strong><br \/>\nist als Teil des Internetangebotes zu betrachten, von dem aus auf diese Seite verwiesen wurde. Sofern Teile oder einzelne Formulierungen dieses Textes der geltenden Rechtslage nicht, nicht mehr oder nicht vollst\u00e4ndig entsprechen sollten, bleiben die \u00fcbrigen Teile des Dokumentes in ihrem Inhalt und ihrer G\u00fcltigkeit davon unber\u00fchrt. [\/vc_column_text] [\/vc_column] [\/vc_row] [vc_row css_animation=&#8221;&#8221; row_type=&#8221;Zeile&#8221; use_row_as_full_screen_section=&#8221;no&#8221; type=&#8221;full_width&#8221; angled_section=&#8221;no&#8221; text_align=&#8221;left&#8221; background_image_as_pattern=&#8221;without_pattern&#8221;] [vc_column] [vc_empty_space] [\/vc_column] [\/vc_row]<\/p>\n<\/div>","protected":false},"excerpt":{"rendered":"<p>[vc_row css_animation=&#8221;&#8221; row_type=&#8221;Zeile&#8221; use_row_as_full_screen_section=&#8221;no&#8221; type=&#8221;full_width&#8221; angled_section=&#8221;no&#8221; text_align=&#8221;left&#8221; background_image_as_pattern=&#8221;without_pattern&#8221;] [vc_column] [vc_column_text] Signode Packaging Systems GmbH Gesch\u00e4ftsbereich SMB Schwede Maschinenbau [\/vc_column_text][\/vc_column][\/vc_row][vc_row css_animation=&#8221;&#8221; row_type=&#8221;row&#8221; use_row_as_full_screen_section=&#8221;no&#8221; type=&#8221;full_width&#8221; angled_section=&#8221;no&#8221; text_align=&#8221;left&#8221; background_image_as_pattern=&#8221;without_pattern&#8221;][vc_column width=&#8221;1\/2&#8243;][vc_column_text]Markgrafenstra\u00dfe 2 95497 Goldkronach Deutschland Telefon +49 9273 982-0 Telefax +49 9273 982-100 E-Mail info@smb.biz www.smb.biz[\/vc_column_text][\/vc_column][vc_column width=&#8221;1\/2&#8243;][vc_column_text]Gesch\u00e4ftsf\u00fchrer: Ellen Fleischmann,&#8230;<\/p>\n","protected":false},"author":4,"featured_media":0,"parent":1526,"menu_order":10,"comment_status":"closed","ping_status":"closed","template":"","meta":{"inline_featured_image":false,"footnotes":""},"class_list":["post-1588","page","type-page","status-publish","hentry"],"_links":{"self":[{"href":"https:\/\/www.smb.biz\/en\/wp-json\/wp\/v2\/pages\/1588","targetHints":{"allow":["GET"]}}],"collection":[{"href":"https:\/\/www.smb.biz\/en\/wp-json\/wp\/v2\/pages"}],"about":[{"href":"https:\/\/www.smb.biz\/en\/wp-json\/wp\/v2\/types\/page"}],"author":[{"embeddable":true,"href":"https:\/\/www.smb.biz\/en\/wp-json\/wp\/v2\/users\/4"}],"replies":[{"embeddable":true,"href":"https:\/\/www.smb.biz\/en\/wp-json\/wp\/v2\/comments?post=1588"}],"version-history":[{"count":9,"href":"https:\/\/www.smb.biz\/en\/wp-json\/wp\/v2\/pages\/1588\/revisions"}],"predecessor-version":[{"id":2697,"href":"https:\/\/www.smb.biz\/en\/wp-json\/wp\/v2\/pages\/1588\/revisions\/2697"}],"up":[{"embeddable":true,"href":"https:\/\/www.smb.biz\/en\/wp-json\/wp\/v2\/pages\/1526"}],"wp:attachment":[{"href":"https:\/\/www.smb.biz\/en\/wp-json\/wp\/v2\/media?parent=1588"}],"curies":[{"name":"wp","href":"https:\/\/api.w.org\/{rel}","templated":true}]}}